{"id":966,"date":"2020-04-23T13:07:25","date_gmt":"2020-04-23T11:07:25","guid":{"rendered":"https:\/\/meaningful-change.coach\/home\/"},"modified":"2020-04-23T13:07:25","modified_gmt":"2020-04-23T11:07:25","slug":"home","status":"publish","type":"page","link":"https:\/\/www.meaningful-change.coach\/fr\/home\/","title":{"rendered":"home"},"content":{"rendered":"<div id=\"pl-966\"  class=\"panel-layout\" ><div id=\"pg-966-0\"  class=\"panel-grid panel-has-style\" ><div class=\"panel-row-style panel-row-style-for-966-0\" ><div id=\"pgc-966-0-0\"  class=\"panel-grid-cell\" ><div id=\"panel-966-0-0-0\" class=\"so-panel widget widget_siteorigin-panels-builder panel-first-child panel-last-child\" data-index=\"0\" ><div id=\"pl-w5f3d3db6ee4ab\"  class=\"panel-layout\" ><div id=\"pg-w5f3d3db6ee4ab-0\"  class=\"panel-grid panel-no-style\" ><div id=\"pgc-w5f3d3db6ee4ab-0-0\"  class=\"panel-grid-cell panel-grid-cell-empty\" ><\/div><\/div><div id=\"pg-w5f3d3db6ee4ab-1\"  class=\"panel-grid panel-no-style\" ><div id=\"pgc-w5f3d3db6ee4ab-1-0\"  class=\"panel-grid-cell\" ><div id=\"panel-w5f3d3db6ee4ab-1-0-0\" class=\"so-panel widget widget_sow-image panel-first-child panel-last-child\" data-index=\"0\" ><div class=\"aos-init panel-widget-style panel-widget-style-for-w5f3d3db6ee4ab-1-0-0\" data-aos=\"fade-down\" data-aos-duration=\"600\" data-aos-easing=\"linear\" data-aos-delay=\"600\" data-aos-anchor-placement=\"top-bottom\" data-aos-once=\"true\" ><div\n\t\t\t\n\t\t\tclass=\"so-widget-sow-image so-widget-sow-image-default-17bc2272b535\"\n\t\t\t\n\t\t>\n\n<div class=\"sow-image-container\">\n\t\t<img src=\"https:\/\/www.meaningful-change.coach\/wp-content\/uploads\/2020\/05\/logo.png\" width=\"360\" height=\"164\" srcset=\"https:\/\/www.meaningful-change.coach\/wp-content\/uploads\/2020\/05\/logo.png 628w, https:\/\/www.meaningful-change.coach\/wp-content\/uploads\/2020\/05\/logo-300x137.png 300w, https:\/\/www.meaningful-change.coach\/wp-content\/uploads\/2020\/05\/logo-400x182.png 400w\" sizes=\"(max-width: 360px) 100vw, 360px\" alt=\"\" loading=\"lazy\" \t\tclass=\"so-widget-image\"\/>\n\t<\/div>\n\n<\/div><\/div><\/div><\/div><\/div><div id=\"pg-w5f3d3db6ee4ab-2\"  class=\"panel-grid panel-has-style\" ><div class=\"aos-init panel-row-style panel-row-style-for-w5f3d3db6ee4ab-2\" data-aos=\"fade-up\" data-aos-duration=\"300\" data-aos-easing=\"linear\" data-aos-delay=\"900\" data-aos-anchor-placement=\"top-bottom\" data-aos-once=\"true\" ><div id=\"pgc-w5f3d3db6ee4ab-2-0\"  class=\"panel-grid-cell\" ><div id=\"panel-w5f3d3db6ee4ab-2-0-0\" class=\"so-panel widget widget_sow-headline panel-first-child panel-last-child\" data-index=\"1\" ><div\n\t\t\t\n\t\t\tclass=\"so-widget-sow-headline so-widget-sow-headline-default-18aaf0613dbb\"\n\t\t\t\n\t\t><div class=\"sow-headline-container \">\n\t<h3 class='sow-sub-headline'>Systemisches Coaching<\/h3><h1 class='sow-headline'>Hier steht <br \/> eine Headline<\/h1>\t\t\t\t\t<div class=\"decoration\">\n\t\t\t\t\t\t<div class=\"decoration-inside\"><\/div>\n\t\t\t\t\t<\/div>\n\t\t\t\t\t<\/div><\/div><\/div><\/div><\/div><\/div><div id=\"pg-w5f3d3db6ee4ab-3\"  class=\"panel-grid panel-has-style\" ><div class=\"panel-row-style panel-row-style-for-w5f3d3db6ee4ab-3\" ><div id=\"pgc-w5f3d3db6ee4ab-3-0\"  class=\"panel-grid-cell panel-grid-cell-empty\" ><\/div><\/div><\/div><\/div><\/div><\/div><\/div><\/div><div id=\"pg-966-1\"  class=\"panel-grid panel-has-style\" ><div class=\"panel-row-style panel-row-style-for-966-1\" ><div id=\"pgc-966-1-0\"  class=\"panel-grid-cell panel-grid-cell-empty\" ><\/div><div id=\"pgc-966-1-1\"  class=\"panel-grid-cell panel-grid-cell-mobile-last\" ><div id=\"panel-966-1-1-0\" class=\"so-panel widget widget_sow-editor panel-first-child panel-last-child\" data-index=\"1\" ><div class=\"panel-widget-style panel-widget-style-for-966-1-1-0\" ><div\n\t\t\t\n\t\t\tclass=\"so-widget-sow-editor so-widget-sow-editor-base\"\n\t\t\t\n\t\t>\n<div class=\"siteorigin-widget-tinymce textwidget\">\n\t<\/div>\n<\/div><\/div><\/div><\/div><div id=\"pgc-966-1-2\"  class=\"panel-grid-cell panel-grid-cell-empty\" ><\/div><\/div><\/div><div id=\"pg-966-2\"  class=\"panel-grid panel-has-style\" ><div class=\"panel-row-style panel-row-style-for-966-2\" ><div id=\"pgc-966-2-0\"  class=\"panel-grid-cell panel-grid-cell-empty\" ><\/div><div id=\"pgc-966-2-1\"  class=\"panel-grid-cell panel-grid-cell-mobile-last\" ><div id=\"panel-966-2-1-0\" class=\"so-panel widget widget_siteorigin-panels-builder panel-first-child panel-last-child\" data-index=\"2\" ><div id=\"pl-w5f5619b5953f5\"  class=\"panel-layout\" ><div id=\"pg-w5f5619b5953f5-0\"  class=\"panel-grid panel-no-style\" ><div id=\"pgc-w5f5619b5953f5-0-0\"  class=\"panel-grid-cell\" ><div id=\"panel-w5f5619b5953f5-0-0-0\" class=\"so-panel widget widget_sow-headline panel-first-child\" data-index=\"0\" ><div\n\t\t\t\n\t\t\tclass=\"so-widget-sow-headline so-widget-sow-headline-default-f5acb89e618b\"\n\t\t\t\n\t\t><div class=\"sow-headline-container \">\n\t<h1 class='sow-headline'>Auf der Suche <br \/>nach Ver\u00e4nderung<\/h1>\t\t\t\t\t<div class=\"decoration\">\n\t\t\t\t\t\t<div class=\"decoration-inside\"><\/div>\n\t\t\t\t\t<\/div>\n\t\t\t\t\t<\/div><\/div><\/div><div id=\"panel-w5f5619b5953f5-0-0-1\" class=\"so-panel widget widget_sow-editor panel-last-child\" data-index=\"1\" ><div\n\t\t\t\n\t\t\tclass=\"so-widget-sow-editor so-widget-sow-editor-base\"\n\t\t\t\n\t\t>\n<div class=\"siteorigin-widget-tinymce textwidget\">\n\t<ul list-style-type: none;>\n<li><strong><span style=\"color: #af5c1e;\">Hast du das Gef\u00fchl in einer Sackgasse zu stecken?<\/span><\/strong><\/li>\n<li><strong><span style=\"color: #af5c1e;\">Schaust du auf deinen Alltag, dein Umfeld, deine Karriere und fragst dich, wie du dort hingekommen bist?<\/span><\/strong><\/li>\n<li><strong><span style=\"color: #af5c1e;\">Sehnst du dich nach mehr Erf\u00fcllung, mehr Sinn, mehr Verbundenheit?<\/span><\/strong><\/li>\n<li><strong><span style=\"color: #af5c1e;\">Ist es f\u00fcr dich an der Zeit, etwas in deinem Leben zu ver\u00e4ndern?<\/span><\/strong><\/li>\n<\/ul>\n<p>Ich unterst\u00fctze dich gern zu verstehen, was in dir vorgeht, um Klarheit \u00fcber das eigentliche Problem und m\u00f6gliche Blockaden zu schaffen. Ich helfe dir dabei, deine Bed\u00fcrfnisse, Ressourcen und W\u00fcnsche zu benennen, um dann einen Weg oder ein Leben zu w\u00e4hlen, das zu dir passt, wo du aufbl\u00fchen kannst.<\/p>\n<\/div>\n<\/div><\/div><\/div><div id=\"pgc-w5f5619b5953f5-0-1\"  class=\"panel-grid-cell panel-grid-cell-empty\" ><\/div><div id=\"pgc-w5f5619b5953f5-0-2\"  class=\"panel-grid-cell\" ><div id=\"panel-w5f5619b5953f5-0-2-0\" class=\"so-panel widget widget_sow-headline panel-first-child\" data-index=\"2\" ><div\n\t\t\t\n\t\t\tclass=\"so-widget-sow-headline so-widget-sow-headline-default-f5acb89e618b\"\n\t\t\t\n\t\t><div class=\"sow-headline-container \">\n\t<h1 class='sow-headline'>Auf der Suche <br \/>nach dem Sinn<\/h1>\t\t\t\t\t<div class=\"decoration\">\n\t\t\t\t\t\t<div class=\"decoration-inside\"><\/div>\n\t\t\t\t\t<\/div>\n\t\t\t\t\t<\/div><\/div><\/div><div id=\"panel-w5f5619b5953f5-0-2-1\" class=\"so-panel widget widget_sow-editor panel-last-child\" data-index=\"3\" ><div\n\t\t\t\n\t\t\tclass=\"so-widget-sow-editor so-widget-sow-editor-base\"\n\t\t\t\n\t\t>\n<div class=\"siteorigin-widget-tinymce textwidget\">\n\t<ul list-style-type: none;>\n<li><strong><span style=\"color: #af5c1e;\">Stehst du vor Ver\u00e4nderungen, \u00fcber die du keine Kontrolle hast, und wei\u00dft du nicht, wie du damit umgehen sollst?<\/span><\/strong><\/li>\n<li><strong><span style=\"color: #af5c1e;\">Fragst du dich nach deinem Platz und deiner Rolle in dem Geschehen?<\/span><\/strong><\/li>\n<li><strong><span style=\"color: #af5c1e;\">Oder f\u00fchlst du dich \u00fcberfl\u00fcssig?<\/span><\/strong><\/li>\n<\/ul>\n<p>Ich helfe dir, die Herausforderungen und M\u00f6glichkeiten bei dieser unerwarteten Ver\u00e4nderung zu erfassen. Ich rege dich an, dir deiner Ressourcen bewusst und selbst aktiv zu werden, um ein Ergebnis zu erzielen, das deinen Werten, deinen Bed\u00fcrfnissen und deiner Sehnsucht entspricht.<\/p>\n<\/div>\n<\/div><\/div><\/div><\/div><\/div><\/div><\/div><div id=\"pgc-966-2-2\"  class=\"panel-grid-cell panel-grid-cell-empty\" ><\/div><\/div><\/div><div id=\"pg-966-3\"  class=\"panel-grid panel-no-style\" ><div id=\"pgc-966-3-0\"  class=\"panel-grid-cell\" ><div id=\"panel-966-3-0-0\" class=\"so-panel widget widget_siteorigin-panels-builder panel-first-child panel-last-child\" data-index=\"3\" ><div id=\"pl-w5f4e45895782d\"  class=\"panel-layout\" ><div id=\"pg-w5f4e45895782d-0\"  class=\"panel-grid panel-no-style\" ><div id=\"pgc-w5f4e45895782d-0-0\"  class=\"panel-grid-cell\" ><div class=\"panel-cell-style panel-cell-style-for-w5f4e45895782d-0-0\" ><div id=\"panel-w5f4e45895782d-0-0-0\" class=\"so-panel widget widget_siteorigin-panels-builder panel-first-child panel-last-child\" data-index=\"0\" ><div class=\"aos-init panel-widget-style panel-widget-style-for-w5f4e45895782d-0-0-0\" data-aos=\"fade-right\" data-aos-duration=\"900\" data-aos-easing=\"linear\" data-aos-delay=\"300\" data-aos-anchor-placement=\"top-bottom\" data-aos-once=\"true\" ><div id=\"pl-w5f4e45895783b\"  class=\"panel-layout\" ><div id=\"pg-w5f4e45895783b-0\"  class=\"panel-grid panel-no-style\" ><div id=\"pgc-w5f4e45895783b-0-0\"  class=\"panel-grid-cell\" ><div id=\"panel-w5f4e45895783b-0-0-0\" class=\"so-panel widget widget_sow-image panel-first-child panel-last-child\" data-index=\"0\" ><div class=\"panel-widget-style panel-widget-style-for-w5f4e45895783b-0-0-0\" ><div\n\t\t\t\n\t\t\tclass=\"so-widget-sow-image so-widget-sow-image-default-2ec334f0a340\"\n\t\t\t\n\t\t>\n\n<div class=\"sow-image-container\">\n\t\t<img src=\"https:\/\/www.meaningful-change.coach\/wp-content\/uploads\/2020\/09\/image1.jpg\" width=\"543\" height=\"562\" srcset=\"https:\/\/www.meaningful-change.coach\/wp-content\/uploads\/2020\/09\/image1.jpg 543w, https:\/\/www.meaningful-change.coach\/wp-content\/uploads\/2020\/09\/image1-348x360.jpg 348w\" sizes=\"(max-width: 543px) 100vw, 543px\" alt=\"\" loading=\"lazy\" \t\tclass=\"so-widget-image\"\/>\n\t<\/div>\n\n<\/div><\/div><\/div><\/div><\/div><\/div><\/div><\/div><\/div><\/div><div id=\"pgc-w5f4e45895782d-0-1\"  class=\"panel-grid-cell panel-grid-cell-empty\" ><\/div><div id=\"pgc-w5f4e45895782d-0-2\"  class=\"panel-grid-cell\" ><div id=\"panel-w5f4e45895782d-0-2-0\" class=\"so-panel widget widget_sow-headline panel-first-child\" data-index=\"1\" ><div class=\"aos-init panel-widget-style panel-widget-style-for-w5f4e45895782d-0-2-0\" data-aos=\"fade-left\" data-aos-duration=\"600\" data-aos-easing=\"linear\" data-aos-delay=\"300\" data-aos-anchor-placement=\"top-bottom\" data-aos-once=\"true\" ><div\n\t\t\t\n\t\t\tclass=\"so-widget-sow-headline so-widget-sow-headline-default-f5acb89e618b\"\n\t\t\t\n\t\t><div class=\"sow-headline-container \">\n\t<h1 class='sow-headline'>Voraussetzungen f\u00fcr ein erfolgreiches Coaching:<\/h1>\t\t\t\t\t<div class=\"decoration\">\n\t\t\t\t\t\t<div class=\"decoration-inside\"><\/div>\n\t\t\t\t\t<\/div>\n\t\t\t\t\t<\/div><\/div><\/div><\/div><div id=\"panel-w5f4e45895782d-0-2-1\" class=\"so-panel widget widget_sow-editor\" data-index=\"2\" ><div class=\"aos-init panel-widget-style panel-widget-style-for-w5f4e45895782d-0-2-1\" data-aos=\"fade-left\" data-aos-duration=\"600\" data-aos-easing=\"linear\" data-aos-delay=\"300\" data-aos-anchor-placement=\"top-bottom\" data-aos-once=\"true\" ><div\n\t\t\t\n\t\t\tclass=\"so-widget-sow-editor so-widget-sow-editor-base\"\n\t\t\t\n\t\t>\n<div class=\"siteorigin-widget-tinymce textwidget\">\n\t<ul  style=\"list-style-image: url('https:\/\/meaningful-change.coach\/wp-content\/uploads\/2020\/05\/punkt.svg')\">\n<li>du bist bereit, ehrlich an dir zu arbeiten<\/li>\n<li>du m\u00f6chtest Klarheit gewinnen<\/li>\n<li>du willst neue Perspektiven erkunden<\/li>\n<li>du willst in dich selbst investieren<\/li>\n<li>du m\u00f6chtest dein Leben neu ausrichten<\/li>\n<\/ul>\n<\/div>\n<\/div><\/div><\/div><div id=\"panel-w5f4e45895782d-0-2-2\" class=\"so-panel widget widget_sow-button panel-last-child\" data-index=\"3\" ><div class=\"aos-init panel-widget-style panel-widget-style-for-w5f4e45895782d-0-2-2\" data-aos=\"fade-left\" data-aos-duration=\"600\" data-aos-easing=\"linear\" data-aos-delay=\"300\" data-aos-anchor-placement=\"top-bottom\" data-aos-once=\"true\" ><div\n\t\t\t\n\t\t\tclass=\"so-widget-sow-button so-widget-sow-button-wire-41deb9c1a0fc\"\n\t\t\t\n\t\t><div class=\"ow-button-base ow-button-align-left\">\n\t<a href=\"https:\/\/www.meaningful-change.coach\/coaching-ansatz-neu\/\" class=\"ow-icon-placement-left ow-button-hover\" \t\t>\n\t\t<span>\n\t\t\t\n\t\t\tMehr erfahren\t\t<\/span>\n\t<\/a>\n<\/div>\n<\/div><\/div><\/div><\/div><\/div><\/div><\/div><\/div><\/div><div id=\"pg-966-4\"  class=\"panel-grid panel-no-style\" ><div id=\"pgc-966-4-0\"  class=\"panel-grid-cell\" ><div class=\"panel-cell-style panel-cell-style-for-966-4-0\" ><div id=\"panel-966-4-0-0\" class=\"so-panel widget widget_siteorigin-panels-builder panel-first-child panel-last-child\" data-index=\"4\" ><div id=\"pl-w5f4e190f70757\"  class=\"panel-layout\" ><div id=\"pg-w5f4e190f70757-0\"  class=\"panel-grid panel-has-style\" ><div class=\"panel-row-style panel-row-style-for-w5f4e190f70757-0\" ><div id=\"pgc-w5f4e190f70757-0-0\"  class=\"panel-grid-cell\" ><div class=\"panel-cell-style panel-cell-style-for-w5f4e190f70757-0-0\" ><div id=\"panel-w5f4e190f70757-0-0-0\" class=\"so-panel widget widget_sow-headline panel-first-child\" data-index=\"0\" ><div class=\"aos-init panel-widget-style panel-widget-style-for-w5f4e190f70757-0-0-0\" data-aos=\"fade-right\" data-aos-duration=\"600\" data-aos-easing=\"linear\" data-aos-delay=\"300\" data-aos-anchor-placement=\"top-bottom\" data-aos-once=\"true\" ><div\n\t\t\t\n\t\t\tclass=\"so-widget-sow-headline so-widget-sow-headline-default-f5acb89e618b\"\n\t\t\t\n\t\t><div class=\"sow-headline-container \">\n\t<h1 class='sow-headline'>Mein Profil<\/h1>\t\t\t\t\t<div class=\"decoration\">\n\t\t\t\t\t\t<div class=\"decoration-inside\"><\/div>\n\t\t\t\t\t<\/div>\n\t\t\t\t\t<\/div><\/div><\/div><\/div><div id=\"panel-w5f4e190f70757-0-0-1\" class=\"so-panel widget widget_sow-editor\" data-index=\"1\" ><div class=\"aos-init panel-widget-style panel-widget-style-for-w5f4e190f70757-0-0-1\" data-aos=\"fade-right\" data-aos-duration=\"900\" data-aos-easing=\"linear\" data-aos-delay=\"300\" data-aos-anchor-placement=\"top-bottom\" data-aos-once=\"true\" ><div\n\t\t\t\n\t\t\tclass=\"so-widget-sow-editor so-widget-sow-editor-base\"\n\t\t\t\n\t\t>\n<div class=\"siteorigin-widget-tinymce textwidget\">\n\t<ul  style=\"list-style-image: url('https:\/\/meaningful-change.coach\/wp-content\/uploads\/2020\/05\/punkt.svg')\">\n<li>Langj\u00e4hrige Berufserfahrung in der Beratung von internen Kunden und Endkunden<\/li>\n<li>Lebenserfahrung als Frau, Mutter und F\u00fchrungskraft<\/li>\n<li>Systemisch-integratives Coaching (DCV-Zertifizierte Ausbildung)<\/li>\n<li>Sprachen: Deutsch, Franz\u00f6sisch und Englisch<\/li>\n<\/ul>\n<\/div>\n<\/div><\/div><\/div><div id=\"panel-w5f4e190f70757-0-0-2\" class=\"so-panel widget widget_sow-button panel-last-child\" data-index=\"2\" ><div class=\"aos-init panel-widget-style panel-widget-style-for-w5f4e190f70757-0-0-2\" data-aos=\"fade-right\" data-aos-duration=\"900\" data-aos-easing=\"linear\" data-aos-delay=\"300\" data-aos-anchor-placement=\"top-bottom\" data-aos-once=\"true\" ><div\n\t\t\t\n\t\t\tclass=\"so-widget-sow-button so-widget-sow-button-wire-41deb9c1a0fc\"\n\t\t\t\n\t\t><div class=\"ow-button-base ow-button-align-left\">\n\t<a href=\"https:\/\/www.meaningful-change.coach\/ueber-mich\/\" class=\"ow-icon-placement-left ow-button-hover\" \t\t>\n\t\t<span>\n\t\t\t\n\t\t\tMehr erfahren\t\t<\/span>\n\t<\/a>\n<\/div>\n<\/div><\/div><\/div><\/div><\/div><div id=\"pgc-w5f4e190f70757-0-1\"  class=\"panel-grid-cell panel-grid-cell-empty\" ><div class=\"panel-cell-style panel-cell-style-for-w5f4e190f70757-0-1\" ><\/div><\/div><div id=\"pgc-w5f4e190f70757-0-2\"  class=\"panel-grid-cell\" ><div class=\"panel-cell-style panel-cell-style-for-w5f4e190f70757-0-2\" ><div id=\"panel-w5f4e190f70757-0-2-0\" class=\"so-panel widget widget_siteorigin-panels-builder panel-first-child panel-last-child\" data-index=\"3\" ><div class=\"aos-init panel-widget-style panel-widget-style-for-w5f4e190f70757-0-2-0\" data-aos=\"fade-left\" data-aos-duration=\"900\" data-aos-easing=\"linear\" data-aos-delay=\"300\" data-aos-anchor-placement=\"top-bottom\" data-aos-once=\"true\" ><div id=\"pl-w5f4e190f70b8f\"  class=\"panel-layout\" ><div id=\"pg-w5f4e190f70b8f-0\"  class=\"panel-grid panel-no-style\" ><div id=\"pgc-w5f4e190f70b8f-0-0\"  class=\"panel-grid-cell\" ><div id=\"panel-w5f4e190f70b8f-0-0-0\" class=\"so-panel widget widget_sow-image panel-first-child panel-last-child\" data-index=\"0\" ><div class=\"panel-widget-style panel-widget-style-for-w5f4e190f70b8f-0-0-0\" ><div\n\t\t\t\n\t\t\tclass=\"so-widget-sow-image so-widget-sow-image-default-a5258576d588\"\n\t\t\t\n\t\t>\n\n<div class=\"sow-image-container\">\n\t\t<img src=\"https:\/\/www.meaningful-change.coach\/wp-content\/uploads\/2020\/05\/image5.jpg\" width=\"880\" height=\"1030\" srcset=\"https:\/\/www.meaningful-change.coach\/wp-content\/uploads\/2020\/05\/image5.jpg 880w, https:\/\/www.meaningful-change.coach\/wp-content\/uploads\/2020\/05\/image5-308x360.jpg 308w\" sizes=\"(max-width: 880px) 100vw, 880px\" alt=\"\" loading=\"lazy\" \t\tclass=\"so-widget-image\"\/>\n\t<\/div>\n\n<\/div><\/div><\/div><\/div><\/div><\/div><\/div><\/div><\/div><\/div><\/div><\/div><\/div><\/div><\/div><\/div><\/div><div id=\"pg-966-5\"  class=\"panel-grid panel-has-style\" ><div class=\"panel-row-style panel-row-style-for-966-5\" ><div id=\"pgc-966-5-0\"  class=\"panel-grid-cell\" ><div id=\"panel-966-5-0-0\" class=\"so-panel widget widget_siteorigin-panels-builder panel-first-child panel-last-child\" data-index=\"5\" ><div id=\"pl-w5f4e197cc9353\"  class=\"panel-layout\" ><div id=\"pg-w5f4e197cc9353-0\"  class=\"panel-grid panel-has-style\" ><div class=\"panel-row-style panel-row-style-for-w5f4e197cc9353-0\" ><div id=\"pgc-w5f4e197cc9353-0-0\"  class=\"panel-grid-cell\" ><div class=\"panel-cell-style panel-cell-style-for-w5f4e197cc9353-0-0\" ><div id=\"panel-w5f4e197cc9353-0-0-0\" class=\"so-panel widget widget_sow-headline panel-first-child\" data-index=\"0\" ><div class=\"aos-init panel-widget-style panel-widget-style-for-w5f4e197cc9353-0-0-0\" data-aos=\"fade-left\" data-aos-duration=\"600\" data-aos-easing=\"linear\" data-aos-delay=\"300\" data-aos-anchor-placement=\"top-bottom\" data-aos-once=\"true\" ><div\n\t\t\t\n\t\t\tclass=\"so-widget-sow-headline so-widget-sow-headline-default-f5acb89e618b\"\n\t\t\t\n\t\t><div class=\"sow-headline-container \">\n\t<h1 class='sow-headline'>Vereinbare Sie einen unverbindlichen Kennenlerntermin<\/h1>\t\t\t\t\t<div class=\"decoration\">\n\t\t\t\t\t\t<div class=\"decoration-inside\"><\/div>\n\t\t\t\t\t<\/div>\n\t\t\t\t\t<\/div><\/div><\/div><\/div><div id=\"panel-w5f4e197cc9353-0-0-1\" class=\"so-panel widget widget_sow-editor panel-last-child\" data-index=\"1\" ><div class=\"aos-init panel-widget-style panel-widget-style-for-w5f4e197cc9353-0-0-1\" data-aos=\"fade-left\" data-aos-duration=\"600\" data-aos-easing=\"linear\" data-aos-delay=\"300\" data-aos-anchor-placement=\"top-bottom\" data-aos-once=\"true\" ><div\n\t\t\t\n\t\t\tclass=\"so-widget-sow-editor so-widget-sow-editor-base\"\n\t\t\t\n\t\t>\n<div class=\"siteorigin-widget-tinymce textwidget\">\n\t<p>Wir sprechen und schauen an welchem Punkt du gerade stehst und was du erreichen m\u00f6chtest. Dabei schaue ich, ob und wie ich dir helfen kann.<\/p>\n<\/div>\n<\/div><\/div><\/div><\/div><\/div><div id=\"pgc-w5f4e197cc9353-0-1\"  class=\"panel-grid-cell panel-grid-cell-empty\" ><div class=\"panel-cell-style panel-cell-style-for-w5f4e197cc9353-0-1\" ><\/div><\/div><div id=\"pgc-w5f4e197cc9353-0-2\"  class=\"panel-grid-cell\" ><div id=\"panel-w5f4e197cc9353-0-2-0\" class=\"so-panel widget widget_sow-editor panel-first-child panel-last-child\" data-index=\"2\" ><div class=\"panel-widget-style panel-widget-style-for-w5f4e197cc9353-0-2-0\" ><div\n\t\t\t\n\t\t\tclass=\"so-widget-sow-editor so-widget-sow-editor-base\"\n\t\t\t\n\t\t>\n<div class=\"siteorigin-widget-tinymce textwidget\">\n\t[webba_booking service=\"1\"]\n<\/div>\n<\/div><\/div><\/div><\/div><\/div><\/div><\/div><\/div><\/div><\/div><\/div><div id=\"pg-966-6\"  class=\"panel-grid panel-has-style\" ><div class=\"panel-row-style panel-row-style-for-966-6\" ><div id=\"pgc-966-6-0\"  class=\"panel-grid-cell panel-grid-cell-empty\" ><\/div><div id=\"pgc-966-6-1\"  class=\"panel-grid-cell panel-grid-cell-mobile-last\" ><div id=\"panel-966-6-1-0\" class=\"so-panel widget widget_sow-headline panel-first-child\" data-index=\"6\" ><div\n\t\t\t\n\t\t\tclass=\"so-widget-sow-headline so-widget-sow-headline-default-f816ef5cbb9c-966\"\n\t\t\t\n\t\t><div class=\"sow-headline-container \">\n\t<h1 class='sow-headline'>Testimonials<\/h1>\t\t\t\t\t<div class=\"decoration\">\n\t\t\t\t\t\t<div class=\"decoration-inside\"><\/div>\n\t\t\t\t\t<\/div>\n\t\t\t\t\t<\/div><\/div><\/div><div id=\"panel-966-6-1-1\" class=\"so-panel widget widget_sow-testimonials panel-last-child\" data-index=\"7\" ><div\n\t\t\t\n\t\t\tclass=\"so-widget-sow-testimonials so-widget-sow-testimonials-default-7791cc9ca40a-966\"\n\t\t\t\n\t\t>\t\t<svg style=\"position: absolute; width: 0; height: 0;\" width=\"0\" height=\"0\" version=\"1.1\" xmlns=\"http:\/\/www.w3.org\/2000\/svg\" xmlns:xlink=\"http:\/\/www.w3.org\/1999\/xlink\">\n\t\t\t<defs>\n\t\t\t\t<symbol id=\"icon-caret-down\" viewBox=\"0 0 585 1024\">\n\t\t\t\t\t<title>caret-down<\/title>\n\t\t\t\t\t<path class=\"path1\" d=\"M585.143 402.286q0 14.857-10.857 25.714l-256 256q-10.857 10.857-25.714 10.857t-25.714-10.857l-256-256q-10.857-10.857-10.857-25.714t10.857-25.714 25.714-10.857h512q14.857 0 25.714 10.857t10.857 25.714z\"><\/path>\n\t\t\t\t<\/symbol>\n\t\t\t\t<symbol id=\"icon-caret-up\" viewBox=\"0 0 585 1024\">\n\t\t\t\t\t<title>caret-up<\/title>\n\t\t\t\t\t<path class=\"path1\" d=\"M585.143 694.857q0 14.857-10.857 25.714t-25.714 10.857h-512q-14.857 0-25.714-10.857t-10.857-25.714 10.857-25.714l256-256q10.857-10.857 25.714-10.857t25.714 10.857l256 256q10.857 10.857 10.857 25.714z\"><\/path>\n\t\t\t\t<\/symbol>\n\t\t\t\t<symbol id=\"icon-caret-left\" viewBox=\"0 0 366 1024\">\n\t\t\t\t\t<title>caret-left<\/title>\n\t\t\t\t\t<path class=\"path1\" d=\"M365.714 256v512q0 14.857-10.857 25.714t-25.714 10.857-25.714-10.857l-256-256q-10.857-10.857-10.857-25.714t10.857-25.714l256-256q10.857-10.857 25.714-10.857t25.714 10.857 10.857 25.714z\"><\/path>\n\t\t\t\t<\/symbol>\n\t\t\t\t<symbol id=\"icon-caret-right\" viewBox=\"0 0 366 1024\">\n\t\t\t\t\t<title>caret-right<\/title>\n\t\t\t\t\t<path class=\"path1\" d=\"M329.143 512q0 14.857-10.857 25.714l-256 256q-10.857 10.857-25.714 10.857t-25.714-10.857-10.857-25.714v-512q0-14.857 10.857-25.714t25.714-10.857 25.714 10.857l256 256q10.857 10.857 10.857 25.714z\"><\/path>\n\t\t\t\t<\/symbol>\n\t\t\t<\/defs>\n\t\t<\/svg>\n\t\t<div class=\"sow-testimonials\">\n\t<\/div>\n<\/div><\/div><\/div><div id=\"pgc-966-6-2\"  class=\"panel-grid-cell panel-grid-cell-empty\" ><\/div><\/div><\/div><div id=\"pg-966-7\"  class=\"panel-grid panel-has-style\" ><div class=\"panel-row-style panel-row-style-for-966-7\" ><div id=\"pgc-966-7-0\"  class=\"panel-grid-cell panel-grid-cell-empty\" ><\/div><div id=\"pgc-966-7-1\"  class=\"panel-grid-cell panel-grid-cell-mobile-last\" ><div id=\"panel-966-7-1-0\" class=\"so-panel widget widget_sow-headline panel-first-child\" data-index=\"8\" ><div\n\t\t\t\n\t\t\tclass=\"so-widget-sow-headline so-widget-sow-headline-default-f816ef5cbb9c-966\"\n\t\t\t\n\t\t><div class=\"sow-headline-container \">\n\t<h1 class='sow-headline'>Folge mir auf Instagram<\/h1>\t\t\t\t\t<div class=\"decoration\">\n\t\t\t\t\t\t<div class=\"decoration-inside\"><\/div>\n\t\t\t\t\t<\/div>\n\t\t\t\t\t<\/div><\/div><\/div><div id=\"panel-966-7-1-1\" class=\"so-panel widget widget_sow-editor panel-last-child\" data-index=\"9\" ><div\n\t\t\t\n\t\t\tclass=\"so-widget-sow-editor so-widget-sow-editor-base\"\n\t\t\t\n\t\t>\n<div class=\"siteorigin-widget-tinymce textwidget\">\n\t[insta-gallery id=\"2\"]\n<p>&nbsp;<\/p>\n<pre><\/pre>\n<\/div>\n<\/div><\/div><\/div><div id=\"pgc-966-7-2\"  class=\"panel-grid-cell panel-grid-cell-empty\" ><\/div><\/div><\/div><\/div>","protected":false},"excerpt":{"rendered":"<p>Systemisches CoachingHier steht eine Headline Auf der Suche nach Ver\u00e4nderung Hast du das Gef\u00fchl in einer Sackgasse zu stecken? Schaust du auf deinen Alltag, dein Umfeld, deine Karriere und fragst dich, wie du dort hingekommen bist? Sehnst du dich nach mehr Erf\u00fcllung, mehr Sinn, mehr Verbundenheit? Ist es f\u00fcr dich an der Zeit, etwas in [&hellip;]<\/p>\n","protected":false},"author":1,"featured_media":0,"parent":0,"menu_order":0,"comment_status":"closed","ping_status":"closed","template":"templates\/page-builder-content.php","meta":[],"_links":{"self":[{"href":"https:\/\/www.meaningful-change.coach\/fr\/wp-json\/wp\/v2\/pages\/966\/"}],"collection":[{"href":"https:\/\/www.meaningful-change.coach\/fr\/wp-json\/wp\/v2\/pages\/"}],"about":[{"href":"https:\/\/www.meaningful-change.coach\/fr\/wp-json\/wp\/v2\/types\/page\/"}],"author":[{"embeddable":true,"href":"https:\/\/www.meaningful-change.coach\/fr\/wp-json\/wp\/v2\/users\/1\/"}],"replies":[{"embeddable":true,"href":"https:\/\/www.meaningful-change.coach\/fr\/wp-json\/wp\/v2\/comments\/?post=966"}],"version-history":[{"count":0,"href":"https:\/\/www.meaningful-change.coach\/fr\/wp-json\/wp\/v2\/pages\/966\/revisions\/"}],"wp:attachment":[{"href":"https:\/\/www.meaningful-change.coach\/fr\/wp-json\/wp\/v2\/media\/?parent=966"}],"curies":[{"name":"wp","href":"https:\/\/api.w.org\/{rel}","templated":true}]}}