{"id":1236,"date":"2020-05-22T17:03:17","date_gmt":"2020-05-22T15:03:17","guid":{"rendered":"https:\/\/meaningful-change.coach\/ueber-mich\/"},"modified":"2020-11-01T13:29:09","modified_gmt":"2020-11-01T12:29:09","slug":"a-propos-de-moi","status":"publish","type":"page","link":"https:\/\/www.meaningful-change.coach\/fr\/a-propos-de-moi\/","title":{"rendered":"\u00c0 propos de moi"},"content":{"rendered":"<div id=\"pl-1236\"  class=\"panel-layout\" ><div id=\"pg-1236-0\"  class=\"panel-grid panel-has-style\" ><div class=\"panel-row-style panel-row-style-for-1236-0\" ><div id=\"pgc-1236-0-0\"  class=\"panel-grid-cell\" ><div id=\"panel-1236-0-0-0\" class=\"so-panel widget widget_siteorigin-panels-builder panel-first-child panel-last-child\" data-index=\"0\" ><div id=\"pl-w5f9af12261ee0\"  class=\"panel-layout\" ><div id=\"pg-w5f9af12261ee0-0\"  class=\"panel-grid panel-no-style\" ><div id=\"pgc-w5f9af12261ee0-0-0\"  class=\"panel-grid-cell panel-grid-cell-empty\" ><\/div><\/div><div id=\"pg-w5f9af12261ee0-1\"  class=\"panel-grid panel-no-style\" ><div id=\"pgc-w5f9af12261ee0-1-0\"  class=\"panel-grid-cell\" ><div id=\"panel-w5f9af12261ee0-1-0-0\" class=\"so-panel widget widget_sow-image panel-first-child panel-last-child\" data-index=\"0\" ><div class=\"aos-init panel-widget-style panel-widget-style-for-w5f9af12261ee0-1-0-0\" data-aos=\"fade-down\" data-aos-duration=\"600\" data-aos-easing=\"linear\" data-aos-delay=\"600\" data-aos-anchor-placement=\"top-bottom\" data-aos-once=\"true\" ><div\n\t\t\t\n\t\t\tclass=\"so-widget-sow-image so-widget-sow-image-default-17bc2272b535\"\n\t\t\t\n\t\t>\n\n<div class=\"sow-image-container\">\n\t\t\t<a href=\"https:\/\/www.meaningful-change.coach\/fr\/\"\n\t\t\t\t\t>\n\t\t\t<img src=\"https:\/\/www.meaningful-change.coach\/wp-content\/uploads\/2020\/05\/logo_weiss.png\" width=\"360\" height=\"164\" srcset=\"https:\/\/www.meaningful-change.coach\/wp-content\/uploads\/2020\/05\/logo_weiss.png 628w, https:\/\/www.meaningful-change.coach\/wp-content\/uploads\/2020\/05\/logo_weiss-360x164.png 360w\" sizes=\"(max-width: 360px) 100vw, 360px\" alt=\"\" loading=\"lazy\" \t\tclass=\"so-widget-image\"\/>\n\t<\/a><\/div>\n\n<\/div><\/div><\/div><\/div><\/div><div id=\"pg-w5f9af12261ee0-2\"  class=\"panel-grid panel-has-style\" ><div class=\"panel-row-style panel-row-style-for-w5f9af12261ee0-2\" ><div id=\"pgc-w5f9af12261ee0-2-0\"  class=\"panel-grid-cell panel-grid-cell-empty\" ><\/div><\/div><\/div><\/div><\/div><\/div><\/div><\/div><div id=\"pg-1236-1\"  class=\"panel-grid panel-has-style\" ><div class=\"panel-row-style panel-row-style-for-1236-1\" ><div id=\"pgc-1236-1-0\"  class=\"panel-grid-cell panel-grid-cell-empty\" ><\/div><div id=\"pgc-1236-1-1\"  class=\"panel-grid-cell panel-grid-cell-mobile-last\" ><div id=\"panel-1236-1-1-0\" class=\"so-panel widget widget_sow-editor panel-first-child panel-last-child\" data-index=\"1\" ><div class=\"panel-widget-style panel-widget-style-for-1236-1-1-0\" ><div\n\t\t\t\n\t\t\tclass=\"so-widget-sow-editor so-widget-sow-editor-base\"\n\t\t\t\n\t\t>\n<div class=\"siteorigin-widget-tinymce textwidget\">\n\t<\/div>\n<\/div><\/div><\/div><\/div><div id=\"pgc-1236-1-2\"  class=\"panel-grid-cell panel-grid-cell-empty\" ><\/div><\/div><\/div><div id=\"pg-1236-2\"  class=\"panel-grid panel-has-style\" ><div class=\"panel-row-style panel-row-style-for-1236-2\" ><div id=\"pgc-1236-2-0\"  class=\"panel-grid-cell panel-grid-cell-empty\" ><\/div><div id=\"pgc-1236-2-1\"  class=\"panel-grid-cell panel-grid-cell-mobile-last\" ><div id=\"panel-1236-2-1-0\" class=\"so-panel widget widget_siteorigin-panels-builder panel-first-child panel-last-child\" data-index=\"2\" ><div id=\"pl-w5f9aeb64237df\"  class=\"panel-layout\" ><div id=\"pg-w5f9aeb64237df-0\"  class=\"panel-grid panel-no-style\" ><div id=\"pgc-w5f9aeb64237df-0-0\"  class=\"panel-grid-cell\" ><div id=\"panel-w5f9aeb64237df-0-0-0\" class=\"so-panel widget widget_sow-headline panel-first-child\" data-index=\"0\" ><div\n\t\t\t\n\t\t\tclass=\"so-widget-sow-headline so-widget-sow-headline-default-f816ef5cbb9c\"\n\t\t\t\n\t\t><div class=\"sow-headline-container \">\n\t<h1 class='sow-headline'>\u00c0 propos de moi<\/h1>\t\t\t\t\t<div class=\"decoration\">\n\t\t\t\t\t\t<div class=\"decoration-inside\"><\/div>\n\t\t\t\t\t<\/div>\n\t\t\t\t\t<\/div><\/div><\/div><div id=\"panel-w5f9aeb64237df-0-0-1\" class=\"so-panel widget widget_sow-editor panel-last-child\" data-index=\"1\" ><div class=\"panel-widget-style panel-widget-style-for-w5f9aeb64237df-0-0-1\" ><div\n\t\t\t\n\t\t\tclass=\"so-widget-sow-editor so-widget-sow-editor-base\"\n\t\t\t\n\t\t>\n<div class=\"siteorigin-widget-tinymce textwidget\">\n\t<p style=\"text-align: center;\">N\u00e9e en France, r\u00e9sidente aujourd'hui \u00e0 Berlin, j'ai \u00e9tudi\u00e9 \u00e0 Marseille, Aix-en-Provence, Birmingham et Berlin: je me sens Europ\u00e9enne. Dans mon temps libre, je profite de la vie de famille avec mes trois enfants et mon compagnon. Ce qui me touche: la beaut\u00e9 du monde et la diversit\u00e9 de l'\u00eatre humain.<\/p>\n<\/div>\n<\/div><\/div><\/div><\/div><\/div><\/div><\/div><\/div><div id=\"pgc-1236-2-2\"  class=\"panel-grid-cell panel-grid-cell-empty\" ><\/div><\/div><\/div><div id=\"pg-1236-3\"  class=\"panel-grid panel-no-style\" ><div id=\"pgc-1236-3-0\"  class=\"panel-grid-cell\" ><div id=\"panel-1236-3-0-0\" class=\"so-panel widget widget_siteorigin-panels-builder panel-first-child panel-last-child\" data-index=\"3\" ><div id=\"pl-w5f9eaa1561422\"  class=\"panel-layout\" ><div id=\"pg-w5f9eaa1561422-0\"  class=\"panel-grid panel-no-style\" ><div id=\"pgc-w5f9eaa1561422-0-0\"  class=\"panel-grid-cell\" ><div class=\"panel-cell-style panel-cell-style-for-w5f9eaa1561422-0-0\" ><div id=\"panel-w5f9eaa1561422-0-0-0\" class=\"so-panel widget widget_siteorigin-panels-builder panel-first-child panel-last-child\" data-index=\"0\" ><div class=\"aos-init panel-widget-style panel-widget-style-for-w5f9eaa1561422-0-0-0\" data-aos=\"fade-right\" data-aos-duration=\"900\" data-aos-easing=\"linear\" data-aos-delay=\"300\" data-aos-anchor-placement=\"top-bottom\" data-aos-once=\"true\" ><div id=\"pl-w5f9b0ed6cfbb8\"  class=\"panel-layout\" ><div id=\"pg-w5f9b0ed6cfbb8-0\"  class=\"panel-grid panel-no-style\" ><div id=\"pgc-w5f9b0ed6cfbb8-0-0\"  class=\"panel-grid-cell\" ><div id=\"panel-w5f9b0ed6cfbb8-0-0-0\" class=\"so-panel widget widget_sow-image panel-first-child panel-last-child\" data-index=\"0\" ><div class=\"panel-widget-style panel-widget-style-for-w5f9b0ed6cfbb8-0-0-0\" ><div\n\t\t\t\n\t\t\tclass=\"so-widget-sow-image so-widget-sow-image-default-2ec334f0a340\"\n\t\t\t\n\t\t>\n\n<div class=\"sow-image-container\">\n\t\t<img src=\"https:\/\/www.meaningful-change.coach\/wp-content\/uploads\/2020\/10\/image7.jpg\" width=\"683\" height=\"800\" srcset=\"https:\/\/www.meaningful-change.coach\/wp-content\/uploads\/2020\/10\/image7.jpg 683w, https:\/\/www.meaningful-change.coach\/wp-content\/uploads\/2020\/10\/image7-307x360.jpg 307w\" sizes=\"(max-width: 683px) 100vw, 683px\" alt=\"\" loading=\"lazy\" \t\tclass=\"so-widget-image\"\/>\n\t<\/div>\n\n<\/div><\/div><\/div><\/div><\/div><\/div><\/div><\/div><\/div><\/div><div id=\"pgc-w5f9eaa1561422-0-1\"  class=\"panel-grid-cell panel-grid-cell-empty\" ><\/div><div id=\"pgc-w5f9eaa1561422-0-2\"  class=\"panel-grid-cell\" ><div id=\"panel-w5f9eaa1561422-0-2-0\" class=\"so-panel widget widget_sow-headline panel-first-child\" data-index=\"1\" ><div class=\"aos-init panel-widget-style panel-widget-style-for-w5f9eaa1561422-0-2-0\" data-aos=\"fade-left\" data-aos-duration=\"600\" data-aos-easing=\"linear\" data-aos-delay=\"300\" data-aos-anchor-placement=\"top-bottom\" data-aos-once=\"true\" ><div\n\t\t\t\n\t\t\tclass=\"so-widget-sow-headline so-widget-sow-headline-default-f5acb89e618b\"\n\t\t\t\n\t\t><div class=\"sow-headline-container \">\n\t<h1 class='sow-headline'>Exp\u00e9rience professionnelle<\/h1>\t\t\t\t\t<div class=\"decoration\">\n\t\t\t\t\t\t<div class=\"decoration-inside\"><\/div>\n\t\t\t\t\t<\/div>\n\t\t\t\t\t<\/div><\/div><\/div><\/div><div id=\"panel-w5f9eaa1561422-0-2-1\" class=\"so-panel widget widget_sow-editor panel-last-child\" data-index=\"2\" ><div class=\"aos-init panel-widget-style panel-widget-style-for-w5f9eaa1561422-0-2-1\" data-aos=\"fade-left\" data-aos-duration=\"600\" data-aos-easing=\"linear\" data-aos-delay=\"300\" data-aos-anchor-placement=\"top-bottom\" data-aos-once=\"true\" ><div\n\t\t\t\n\t\t\tclass=\"so-widget-sow-editor so-widget-sow-editor-base\"\n\t\t\t\n\t\t>\n<div class=\"siteorigin-widget-tinymce textwidget\">\n\t<p>Un petit boulot dans une jeune entreprise s'est transform\u00e9 en un tr\u00e9sor d'exp\u00e9rience, qui m'a permis de grandir et au final de travailler pour ce qui est devenu une grande soci\u00e9t\u00e9 internationale. J'ai pu tester \u00e0 souhait toutes sortes de proc\u00e8s et concepts, et surtout, j'y ai fait la connaissance de gens formidables.<\/p>\n<p>Pendant 16 ans dans cette entreprise de service, j'ai fait l'exp\u00e9rience de tout ce qui se passe dans cet espace entre les personnes et dans une dynamique de groupe : ce qui int\u00e9resse les clients, ce qui motive les employ\u00e9s, la pression \u00e0 laquelle les managers sont expos\u00e9s et celle qu'ils exercent sur leurs employ\u00e9s, le pouvoir qu'ont les chiffres sur les personnes et celui qu'ont les personnes sur les chiffres, comment diff\u00e9rentes cultures r\u00e9solvent la m\u00eame t\u00e2che, les m\u00e8res partag\u00e9es entre carri\u00e8re et famille, les peurs qu'engendrent les restructurations parmi les employ\u00e9s...<\/p>\n<p>Aujourd'hui, je fais ce que j'aime : rencontrer les gens ouvertement et avec curiosit\u00e9 et les accompagner dans leur propre cheminement vers plus de conscience, plus de connexion, plus de satisfaction dans leur vie.<\/p>\n<\/div>\n<\/div><\/div><\/div><\/div><\/div><\/div><\/div><\/div><\/div><div id=\"pg-1236-4\"  class=\"panel-grid panel-has-style\" ><div class=\"panel-row-style panel-row-style-for-1236-4\" ><div id=\"pgc-1236-4-0\"  class=\"panel-grid-cell\" ><div id=\"panel-1236-4-0-0\" class=\"so-panel widget widget_siteorigin-panels-builder panel-first-child panel-last-child\" data-index=\"4\" ><div id=\"pl-w5f9aeb64248a6\"  class=\"panel-layout\" ><div id=\"pg-w5f9aeb64248a6-0\"  class=\"panel-grid panel-no-style\" ><div id=\"pgc-w5f9aeb64248a6-0-0\"  class=\"panel-grid-cell\" ><div class=\"panel-cell-style panel-cell-style-for-w5f9aeb64248a6-0-0\" ><div id=\"panel-w5f9aeb64248a6-0-0-0\" class=\"so-panel widget widget_sow-headline panel-first-child\" data-index=\"0\" ><div class=\"panel-widget-style panel-widget-style-for-w5f9aeb64248a6-0-0-0\" ><div\n\t\t\t\n\t\t\tclass=\"so-widget-sow-headline so-widget-sow-headline-default-e3258059f134\"\n\t\t\t\n\t\t><div class=\"sow-headline-container \">\n\t<h1 class='sow-headline'>Contact<\/h1>\t\t\t\t\t<div class=\"decoration\">\n\t\t\t\t\t\t<div class=\"decoration-inside\"><\/div>\n\t\t\t\t\t<\/div>\n\t\t\t\t\t<\/div><\/div><\/div><\/div><div id=\"panel-w5f9aeb64248a6-0-0-1\" class=\"so-panel widget widget_sow-editor panel-last-child\" data-index=\"1\" ><div\n\t\t\t\n\t\t\tclass=\"so-widget-sow-editor so-widget-sow-editor-base\"\n\t\t\t\n\t\t>\n<div class=\"siteorigin-widget-tinymce textwidget\">\n\t<p style=\"text-align: center;color:#ffffff;\">Besoin de plus d'informations? Contactez-moi par e-mail, je vous r\u00e9ponds au plus vite. <a href=\"mailto:info@meaningful-change.coach\" style=\"color:#FFD62C; text-decoration:none;\">info@meaningful-change.coach<\/a><\/p>\n<p>&nbsp;<\/p>\n<\/div>\n<\/div><\/div><\/div><\/div><\/div><\/div><\/div><\/div><\/div><\/div><\/div>","protected":false},"excerpt":{"rendered":"<p>\u00c0 propos de moi N\u00e9e en France, r\u00e9sidente aujourd&rsquo;hui \u00e0 Berlin, j&rsquo;ai \u00e9tudi\u00e9 \u00e0 Marseille, Aix-en-Provence, Birmingham et Berlin: je me sens Europ\u00e9enne. Dans mon temps libre, je profite de la vie de famille avec mes trois enfants et mon compagnon. Ce qui me touche: la beaut\u00e9 du monde et la diversit\u00e9 de l&rsquo;\u00eatre humain. [&hellip;]<\/p>\n","protected":false},"author":1,"featured_media":0,"parent":0,"menu_order":0,"comment_status":"closed","ping_status":"closed","template":"templates\/page-builder-content.php","meta":[],"_links":{"self":[{"href":"https:\/\/www.meaningful-change.coach\/fr\/wp-json\/wp\/v2\/pages\/1236\/"}],"collection":[{"href":"https:\/\/www.meaningful-change.coach\/fr\/wp-json\/wp\/v2\/pages\/"}],"about":[{"href":"https:\/\/www.meaningful-change.coach\/fr\/wp-json\/wp\/v2\/types\/page\/"}],"author":[{"embeddable":true,"href":"https:\/\/www.meaningful-change.coach\/fr\/wp-json\/wp\/v2\/users\/1\/"}],"replies":[{"embeddable":true,"href":"https:\/\/www.meaningful-change.coach\/fr\/wp-json\/wp\/v2\/comments\/?post=1236"}],"version-history":[{"count":20,"href":"https:\/\/www.meaningful-change.coach\/fr\/wp-json\/wp\/v2\/pages\/1236\/revisions\/"}],"predecessor-version":[{"id":1306,"href":"https:\/\/www.meaningful-change.coach\/fr\/wp-json\/wp\/v2\/pages\/1236\/revisions\/1306\/"}],"wp:attachment":[{"href":"https:\/\/www.meaningful-change.coach\/fr\/wp-json\/wp\/v2\/media\/?parent=1236"}],"curies":[{"name":"wp","href":"https:\/\/api.w.org\/{rel}","templated":true}]}}