{"id":1186,"date":"2020-10-28T18:16:24","date_gmt":"2020-10-28T17:16:24","guid":{"rendered":"https:\/\/meaningful-change.coach\/stimmen-meiner-klienten\/"},"modified":"2021-01-27T12:25:38","modified_gmt":"2021-01-27T11:25:38","slug":"temoignages","status":"publish","type":"page","link":"https:\/\/www.meaningful-change.coach\/fr\/temoignages\/","title":{"rendered":"T\u00e9moignages"},"content":{"rendered":"<div id=\"pl-1186\"  class=\"panel-layout\" ><div id=\"pg-1186-0\"  class=\"panel-grid panel-has-style\" ><div class=\"panel-row-style panel-row-style-for-1186-0\" ><div id=\"pgc-1186-0-0\"  class=\"panel-grid-cell\" ><div id=\"panel-1186-0-0-0\" class=\"so-panel widget widget_siteorigin-panels-builder panel-first-child panel-last-child\" data-index=\"0\" ><div id=\"pl-w5f9af15b66fa1\"  class=\"panel-layout\" ><div id=\"pg-w5f9af15b66fa1-0\"  class=\"panel-grid panel-no-style\" ><div id=\"pgc-w5f9af15b66fa1-0-0\"  class=\"panel-grid-cell panel-grid-cell-empty\" ><\/div><\/div><div id=\"pg-w5f9af15b66fa1-1\"  class=\"panel-grid panel-no-style\" ><div id=\"pgc-w5f9af15b66fa1-1-0\"  class=\"panel-grid-cell\" ><div id=\"panel-w5f9af15b66fa1-1-0-0\" class=\"so-panel widget widget_sow-image panel-first-child panel-last-child\" data-index=\"0\" ><div class=\"aos-init panel-widget-style panel-widget-style-for-w5f9af15b66fa1-1-0-0\" data-aos=\"fade-down\" data-aos-duration=\"600\" data-aos-easing=\"linear\" data-aos-delay=\"600\" data-aos-anchor-placement=\"top-bottom\" data-aos-once=\"true\" ><div\n\t\t\t\n\t\t\tclass=\"so-widget-sow-image so-widget-sow-image-default-17bc2272b535\"\n\t\t\t\n\t\t>\n\n<div class=\"sow-image-container\">\n\t\t\t<a href=\"https:\/\/www.meaningful-change.coach\/fr\/\"\n\t\t\t\t\t>\n\t\t\t<img src=\"https:\/\/www.meaningful-change.coach\/wp-content\/uploads\/2020\/05\/logo_weiss.png\" width=\"360\" height=\"164\" srcset=\"https:\/\/www.meaningful-change.coach\/wp-content\/uploads\/2020\/05\/logo_weiss.png 628w, https:\/\/www.meaningful-change.coach\/wp-content\/uploads\/2020\/05\/logo_weiss-360x164.png 360w\" sizes=\"(max-width: 360px) 100vw, 360px\" alt=\"\" loading=\"lazy\" \t\tclass=\"so-widget-image\"\/>\n\t<\/a><\/div>\n\n<\/div><\/div><\/div><\/div><\/div><div id=\"pg-w5f9af15b66fa1-2\"  class=\"panel-grid panel-has-style\" ><div class=\"panel-row-style panel-row-style-for-w5f9af15b66fa1-2\" ><div id=\"pgc-w5f9af15b66fa1-2-0\"  class=\"panel-grid-cell panel-grid-cell-empty\" ><\/div><\/div><\/div><\/div><\/div><\/div><\/div><\/div><div id=\"pg-1186-1\"  class=\"panel-grid panel-has-style\" ><div class=\"panel-row-style panel-row-style-for-1186-1\" ><div id=\"pgc-1186-1-0\"  class=\"panel-grid-cell panel-grid-cell-empty\" ><\/div><div id=\"pgc-1186-1-1\"  class=\"panel-grid-cell panel-grid-cell-mobile-last\" ><div id=\"panel-1186-1-1-0\" class=\"so-panel widget widget_sow-editor panel-first-child panel-last-child\" data-index=\"1\" ><div class=\"panel-widget-style panel-widget-style-for-1186-1-1-0\" ><div\n\t\t\t\n\t\t\tclass=\"so-widget-sow-editor so-widget-sow-editor-base\"\n\t\t\t\n\t\t>\n<div class=\"siteorigin-widget-tinymce textwidget\">\n\t<\/div>\n<\/div><\/div><\/div><\/div><div id=\"pgc-1186-1-2\"  class=\"panel-grid-cell panel-grid-cell-empty\" ><\/div><\/div><\/div><div id=\"pg-1186-2\"  class=\"panel-grid panel-has-style\" ><div class=\"panel-row-style panel-row-style-for-1186-2\" ><div id=\"pgc-1186-2-0\"  class=\"panel-grid-cell panel-grid-cell-empty\" ><\/div><div id=\"pgc-1186-2-1\"  class=\"panel-grid-cell panel-grid-cell-mobile-last\" ><div id=\"panel-1186-2-1-0\" class=\"so-panel widget widget_siteorigin-panels-builder panel-first-child panel-last-child\" data-index=\"2\" ><div id=\"pl-w5f99acb913daa\"  class=\"panel-layout\" ><div id=\"pg-w5f99acb913daa-0\"  class=\"panel-grid panel-no-style\" ><div id=\"pgc-w5f99acb913daa-0-0\"  class=\"panel-grid-cell\" ><div id=\"panel-w5f99acb913daa-0-0-0\" class=\"so-panel widget widget_sow-headline panel-first-child panel-last-child\" data-index=\"0\" ><div\n\t\t\t\n\t\t\tclass=\"so-widget-sow-headline so-widget-sow-headline-default-f816ef5cbb9c\"\n\t\t\t\n\t\t><div class=\"sow-headline-container \">\n\t<h1 class='sow-headline'>T\u00e9moignages<\/h1>\t\t\t\t\t<div class=\"decoration\">\n\t\t\t\t\t\t<div class=\"decoration-inside\"><\/div>\n\t\t\t\t\t<\/div>\n\t\t\t\t\t<\/div><\/div><\/div><\/div><\/div><\/div><\/div><\/div><div id=\"pgc-1186-2-2\"  class=\"panel-grid-cell panel-grid-cell-empty\" ><\/div><\/div><\/div><div id=\"pg-1186-3\"  class=\"panel-grid panel-has-style\" ><div class=\"panel-row-style panel-row-style-for-1186-3\" ><div id=\"pgc-1186-3-0\"  class=\"panel-grid-cell panel-grid-cell-empty\" ><\/div><div id=\"pgc-1186-3-1\"  class=\"panel-grid-cell panel-grid-cell-mobile-last\" ><div id=\"panel-1186-3-1-0\" class=\"so-panel widget widget_siteorigin-panels-builder panel-first-child panel-last-child\" data-index=\"3\" ><div id=\"pl-w60114db20daa1\"  class=\"panel-layout\" ><div id=\"pg-w60114db20daa1-0\"  class=\"panel-grid panel-no-style\" ><div id=\"pgc-w60114db20daa1-0-0\"  class=\"panel-grid-cell\" ><div id=\"panel-w60114db20daa1-0-0-0\" class=\"so-panel widget widget_lsow-testimonials-slider panel-first-child panel-last-child\" data-index=\"0\" ><div\n\t\t\t\n\t\t\tclass=\"so-widget-lsow-testimonials-slider so-widget-lsow-testimonials-slider-default-d75171398898\"\n\t\t\t\n\t\t>\n<div class=\"lsow-testimonials-slider lsow-flexslider lsow-container\" data-settings='{\"slide_animation\":\"slide\",\"direction\":\"horizontal\",\"slideshow_speed\":5000,\"animation_speed\":600,\"control_nav\":false,\"direction_nav\":true,\"pause_on_hover\":true,\"pause_on_action\":true}'><div class=\"lsow-slides\"><div class=\"lsow-slide lsow-testimonial-wrapper\"><div class=\"lsow-testimonial\"><div class=\"lsow-testimonial-text\"><i class=\"lsow-icon-quote\"><\/i><h5 style=\"text-align: center;\">Working with Christine always left me feeling motivated and enthusiastic to go for my goals and dreams. She's a great listener and very insightful. Christine is very skilled at helping you find ways that work for you and giving you the right tools. I felt like I had someone that was cheering me on and truly wanted to help me succeed.\"<\/h5><\/div><div class=\"lsow-testimonial-user\"><div class=\"lsow-image-wrapper\"><\/div><!-- .lsow-image-wrapper --><div class=\"lsow-text\"><h3 class=\"lsow-author-name\">Oliwia<\/h3><div class=\"lsow-author-credentials\"><\/div><\/div><\/div><!-- .lsow-testimonial-user --><\/div><!-- .lsow-testimonial --><\/div><!-- .lsow-testimonial-wrapper.lsow-slide --><\/div><!-- .lsow-slides --><\/div><!-- .lsow-testimonials-slider --><\/div><\/div><\/div><\/div><\/div><\/div><\/div><div id=\"pgc-1186-3-2\"  class=\"panel-grid-cell panel-grid-cell-empty\" ><\/div><\/div><\/div><div id=\"pg-1186-4\"  class=\"panel-grid panel-has-style\" ><div class=\"panel-row-style panel-row-style-for-1186-4\" ><div id=\"pgc-1186-4-0\"  class=\"panel-grid-cell panel-grid-cell-empty\" ><\/div><div id=\"pgc-1186-4-1\"  class=\"panel-grid-cell panel-grid-cell-mobile-last\" ><div id=\"panel-1186-4-1-0\" class=\"so-panel widget widget_siteorigin-panels-builder panel-first-child panel-last-child\" data-index=\"4\" ><div id=\"pl-w60114db20dfd8\"  class=\"panel-layout\" ><div id=\"pg-w60114db20dfd8-0\"  class=\"panel-grid panel-no-style\" ><div id=\"pgc-w60114db20dfd8-0-0\"  class=\"panel-grid-cell\" ><div id=\"panel-w60114db20dfd8-0-0-0\" class=\"so-panel widget widget_lsow-testimonials-slider panel-first-child panel-last-child\" data-index=\"0\" ><div\n\t\t\t\n\t\t\tclass=\"so-widget-lsow-testimonials-slider so-widget-lsow-testimonials-slider-default-d75171398898\"\n\t\t\t\n\t\t>\n<div class=\"lsow-testimonials-slider lsow-flexslider lsow-container\" data-settings='{\"slide_animation\":\"slide\",\"direction\":\"horizontal\",\"slideshow_speed\":5000,\"animation_speed\":600,\"control_nav\":false,\"direction_nav\":true,\"pause_on_hover\":true,\"pause_on_action\":true}'><div class=\"lsow-slides\"><div class=\"lsow-slide lsow-testimonial-wrapper\"><div class=\"lsow-testimonial\"><div class=\"lsow-testimonial-text\"><i class=\"lsow-icon-quote\"><\/i><h5 style=\"text-align: center;\">My dear Christine, you came to me in a very fragile moment of my life and guided me through the process with positive energy. You helped me see beyond my capacities, not only the mental obstacles that weren\u2019t allowing me to succeed but also discovering one of my life\u2019s biggest passions. I thank you for your support and hope to follow your example\"<\/h5><\/div><div class=\"lsow-testimonial-user\"><div class=\"lsow-image-wrapper\"><\/div><!-- .lsow-image-wrapper --><div class=\"lsow-text\"><h3 class=\"lsow-author-name\"> Xiomara<\/h3><div class=\"lsow-author-credentials\">Marketing &amp; Project Management<\/div><\/div><\/div><!-- .lsow-testimonial-user --><\/div><!-- .lsow-testimonial --><\/div><!-- .lsow-testimonial-wrapper.lsow-slide --><\/div><!-- .lsow-slides --><\/div><!-- .lsow-testimonials-slider --><\/div><\/div><\/div><\/div><\/div><\/div><\/div><div id=\"pgc-1186-4-2\"  class=\"panel-grid-cell panel-grid-cell-empty\" ><\/div><\/div><\/div><div id=\"pg-1186-5\"  class=\"panel-grid panel-has-style\" ><div class=\"panel-row-style panel-row-style-for-1186-5\" ><div id=\"pgc-1186-5-0\"  class=\"panel-grid-cell panel-grid-cell-empty\" ><\/div><div id=\"pgc-1186-5-1\"  class=\"panel-grid-cell panel-grid-cell-mobile-last\" ><div id=\"panel-1186-5-1-0\" class=\"so-panel widget widget_siteorigin-panels-builder panel-first-child panel-last-child\" data-index=\"5\" ><div id=\"pl-w0qjop9nvk7km\"  class=\"panel-layout\" ><div id=\"pg-w0qjop9nvk7km-0\"  class=\"panel-grid panel-no-style\" ><div id=\"pgc-w0qjop9nvk7km-0-0\"  class=\"panel-grid-cell\" ><div id=\"panel-w0qjop9nvk7km-0-0-0\" class=\"so-panel widget widget_lsow-testimonials-slider panel-first-child panel-last-child\" data-index=\"0\" ><div\n\t\t\t\n\t\t\tclass=\"so-widget-lsow-testimonials-slider so-widget-lsow-testimonials-slider-default-d75171398898\"\n\t\t\t\n\t\t>\n<div class=\"lsow-testimonials-slider lsow-flexslider lsow-container\" data-settings='{\"slide_animation\":\"slide\",\"direction\":\"horizontal\",\"slideshow_speed\":5000,\"animation_speed\":600,\"control_nav\":false,\"direction_nav\":true,\"pause_on_hover\":true,\"pause_on_action\":true}'><div class=\"lsow-slides\"><div class=\"lsow-slide lsow-testimonial-wrapper\"><div class=\"lsow-testimonial\"><div class=\"lsow-testimonial-text\"><i class=\"lsow-icon-quote\"><\/i><h5 style=\"text-align: center;\">J'ai \u00e9t\u00e9 coach\u00e9e par Christine \u00e0 une p\u00e9riode o\u00f9 ma situation personelle et professionnelle \u00e9taient compliqu\u00e9es. Elle a su m'\u00e9couter avec empathie et me donner les cl\u00e9s pour changer ma perception et mettre en place les bonnes actions! Merci \u00e0 toi! \"<\/h5>\n<\/div><div class=\"lsow-testimonial-user\"><div class=\"lsow-image-wrapper\"><\/div><!-- .lsow-image-wrapper --><div class=\"lsow-text\"><h3 class=\"lsow-author-name\">Sabrina<\/h3><div class=\"lsow-author-credentials\">photographe<\/div><\/div><\/div><!-- .lsow-testimonial-user --><\/div><!-- .lsow-testimonial --><\/div><!-- .lsow-testimonial-wrapper.lsow-slide --><\/div><!-- .lsow-slides --><\/div><!-- .lsow-testimonials-slider --><\/div><\/div><\/div><\/div><\/div><\/div><\/div><div id=\"pgc-1186-5-2\"  class=\"panel-grid-cell panel-grid-cell-empty\" ><\/div><\/div><\/div><div id=\"pg-1186-6\"  class=\"panel-grid panel-has-style\" ><div class=\"panel-row-style panel-row-style-for-1186-6\" ><div id=\"pgc-1186-6-0\"  class=\"panel-grid-cell panel-grid-cell-empty\" ><\/div><div id=\"pgc-1186-6-1\"  class=\"panel-grid-cell panel-grid-cell-mobile-last\" ><div id=\"panel-1186-6-1-0\" class=\"so-panel widget widget_siteorigin-panels-builder panel-first-child panel-last-child\" data-index=\"6\" ><div id=\"pl-w5f99ac80c0165\"  class=\"panel-layout\" ><div id=\"pg-w5f99ac80c0165-0\"  class=\"panel-grid panel-no-style\" ><div id=\"pgc-w5f99ac80c0165-0-0\"  class=\"panel-grid-cell\" ><div id=\"panel-w5f99ac80c0165-0-0-0\" class=\"so-panel widget widget_lsow-testimonials-slider panel-first-child panel-last-child\" data-index=\"0\" ><div\n\t\t\t\n\t\t\tclass=\"so-widget-lsow-testimonials-slider so-widget-lsow-testimonials-slider-default-d75171398898\"\n\t\t\t\n\t\t>\n<div class=\"lsow-testimonials-slider lsow-flexslider lsow-container\" data-settings='{\"slide_animation\":\"slide\",\"direction\":\"horizontal\",\"slideshow_speed\":5000,\"animation_speed\":600,\"control_nav\":false,\"direction_nav\":true,\"pause_on_hover\":true,\"pause_on_action\":true}'><div class=\"lsow-slides\"><div class=\"lsow-slide lsow-testimonial-wrapper\"><div class=\"lsow-testimonial\"><div class=\"lsow-testimonial-text\"><i class=\"lsow-icon-quote\"><\/i><h5 style=\"text-align: center;\">Sur la recommandation d\u2019une amie, j\u2019ai commenc\u00e9 un coaching avec Christine il y a environ 3 mois. Je me sentais perdue et \u201cprise au pi\u00e8ge\u201d dans une situation professionnelle o\u00f9 je ne voyais pas d\u2019issues possibles pour en sortir.<\/h5>\n<h5 style=\"text-align: center;\">A l\u2019aide de conversations, d\u2019exercices pratiques et une prise de conscience globale de ma personnalit\u00e9, Christine m\u2019a permis d\u2019aller vers un chemin diff\u00e9rent de mes croyances limitantes. Elle m\u2019a aid\u00e9e \u00e0 trouver une voie pour avancer avec confiance et prendre conscience de mon potentiel et des possibilit\u00e9s qui s\u2019offraient \u00e0 moi.\nM\u00eame si je partais pour r\u00e9soudre un questionnement sur le plan professionnel, ce coaching avec Christine m\u2019a permis de m\u2019ouvrir et de prendre conscience que ces aspects qui me posaient probl\u00e8me dans la sph\u00e8re professionnelle, venaient en partie de moi et s\u2019\u00e9talaient sur bien plus d\u2019aspects de ma vie. J\u2019ai pu me confier \u00e0 Christine, sans peur de me sentir jug\u00e9e. Je me suis surprise, sans filtre, \u00e0 lui livrer mes exp\u00e9riences pass\u00e9es et mes peurs. Avec beaucoup de bienveillance, elle a su me guider afin de trouver les r\u00e9ponses et avancer vers la personne libre et confiance que je veux \u00eatre.<\/h5><\/div><div class=\"lsow-testimonial-user\"><div class=\"lsow-image-wrapper\"><\/div><!-- .lsow-image-wrapper --><div class=\"lsow-text\"><h3 class=\"lsow-author-name\">Marion<\/h3><div class=\"lsow-author-credentials\">Styliste<\/div><\/div><\/div><!-- .lsow-testimonial-user --><\/div><!-- .lsow-testimonial --><\/div><!-- .lsow-testimonial-wrapper.lsow-slide --><\/div><!-- .lsow-slides --><\/div><!-- .lsow-testimonials-slider --><\/div><\/div><\/div><\/div><\/div><\/div><\/div><div id=\"pgc-1186-6-2\"  class=\"panel-grid-cell panel-grid-cell-empty\" ><\/div><\/div><\/div><div id=\"pg-1186-7\"  class=\"panel-grid panel-has-style\" ><div class=\"panel-row-style panel-row-style-for-1186-7\" ><div id=\"pgc-1186-7-0\"  class=\"panel-grid-cell\" ><div id=\"panel-1186-7-0-0\" class=\"so-panel widget widget_siteorigin-panels-builder panel-first-child panel-last-child\" data-index=\"7\" ><div id=\"pl-w5f99b00592b6c\"  class=\"panel-layout\" ><div id=\"pg-w5f99b00592b6c-0\"  class=\"panel-grid panel-no-style\" ><div id=\"pgc-w5f99b00592b6c-0-0\"  class=\"panel-grid-cell\" ><div class=\"panel-cell-style panel-cell-style-for-w5f99b00592b6c-0-0\" ><div id=\"panel-w5f99b00592b6c-0-0-0\" class=\"so-panel widget widget_sow-headline panel-first-child\" data-index=\"0\" ><div class=\"panel-widget-style panel-widget-style-for-w5f99b00592b6c-0-0-0\" ><div\n\t\t\t\n\t\t\tclass=\"so-widget-sow-headline so-widget-sow-headline-default-e3258059f134\"\n\t\t\t\n\t\t><div class=\"sow-headline-container \">\n\t<h1 class='sow-headline'>Contact<\/h1>\t\t\t\t\t<div class=\"decoration\">\n\t\t\t\t\t\t<div class=\"decoration-inside\"><\/div>\n\t\t\t\t\t<\/div>\n\t\t\t\t\t<\/div><\/div><\/div><\/div><div id=\"panel-w5f99b00592b6c-0-0-1\" class=\"so-panel widget widget_sow-editor panel-last-child\" data-index=\"1\" ><div\n\t\t\t\n\t\t\tclass=\"so-widget-sow-editor so-widget-sow-editor-base\"\n\t\t\t\n\t\t>\n<div class=\"siteorigin-widget-tinymce textwidget\">\n\t<p style=\"text-align: center;color:#ffffff;\">Besoin de plus d'informations? Contactez-moi par e-mail, je vous r\u00e9ponds au plus vite. <a href=\"mailto:info@meaningful-change.coach\" style=\"color:#FFD62C; text-decoration:none;\">info@meaningful-change.coach<\/a><\/p>\n<p>&nbsp;<\/p>\n<\/div>\n<\/div><\/div><\/div><\/div><\/div><\/div><\/div><\/div><\/div><\/div><\/div>","protected":false},"excerpt":{"rendered":"<p>T\u00e9moignages Working with Christine always left me feeling motivated and enthusiastic to go for my goals and dreams. She&rsquo;s a great listener and very insightful. Christine is very skilled at helping you find ways that work for you and giving you the right tools. I felt like I had someone that was cheering me on [&hellip;]<\/p>\n","protected":false},"author":1,"featured_media":0,"parent":0,"menu_order":0,"comment_status":"closed","ping_status":"closed","template":"templates\/page-builder-content.php","meta":[],"_links":{"self":[{"href":"https:\/\/www.meaningful-change.coach\/fr\/wp-json\/wp\/v2\/pages\/1186\/"}],"collection":[{"href":"https:\/\/www.meaningful-change.coach\/fr\/wp-json\/wp\/v2\/pages\/"}],"about":[{"href":"https:\/\/www.meaningful-change.coach\/fr\/wp-json\/wp\/v2\/types\/page\/"}],"author":[{"embeddable":true,"href":"https:\/\/www.meaningful-change.coach\/fr\/wp-json\/wp\/v2\/users\/1\/"}],"replies":[{"embeddable":true,"href":"https:\/\/www.meaningful-change.coach\/fr\/wp-json\/wp\/v2\/comments\/?post=1186"}],"version-history":[{"count":13,"href":"https:\/\/www.meaningful-change.coach\/fr\/wp-json\/wp\/v2\/pages\/1186\/revisions\/"}],"predecessor-version":[{"id":1327,"href":"https:\/\/www.meaningful-change.coach\/fr\/wp-json\/wp\/v2\/pages\/1186\/revisions\/1327\/"}],"wp:attachment":[{"href":"https:\/\/www.meaningful-change.coach\/fr\/wp-json\/wp\/v2\/media\/?parent=1186"}],"curies":[{"name":"wp","href":"https:\/\/api.w.org\/{rel}","templated":true}]}}